{"id":1259,"date":"2026-04-08T02:16:52","date_gmt":"2026-04-08T05:16:52","guid":{"rendered":"https:\/\/faleseguro.com\/?page_id=1259"},"modified":"2026-04-08T15:39:52","modified_gmt":"2026-04-08T18:39:52","slug":"c-2-termo-de-confidencialidade-e-privacidade","status":"publish","type":"page","link":"https:\/\/faleseguro.com\/index.php\/c-2-termo-de-confidencialidade-e-privacidade\/","title":{"rendered":"C.2 &#8211; Termo de Confidencialidade e Privacidade"},"content":{"rendered":"\t\t<div data-elementor-type=\"wp-page\" data-elementor-id=\"1259\" class=\"elementor elementor-1259\" data-elementor-settings=\"{&quot;ha_cmc_init_switcher&quot;:&quot;no&quot;}\" data-elementor-post-type=\"page\">\n\t\t\t\t\t\t<section class=\"elementor-section elementor-top-section elementor-element elementor-element-31ed7ad6 elementor-section-boxed elementor-section-height-default elementor-section-height-default\" data-id=\"31ed7ad6\" data-element_type=\"section\" data-settings=\"{&quot;background_background&quot;:&quot;classic&quot;,&quot;_ha_eqh_enable&quot;:false}\">\n\t\t\t\t\t\t\t<div class=\"elementor-background-overlay\"><\/div>\n\t\t\t\t\t\t\t<div class=\"elementor-container elementor-column-gap-no\">\n\t\t\t\t\t<div class=\"elementor-column elementor-col-100 elementor-top-column elementor-element elementor-element-461285b3\" data-id=\"461285b3\" data-element_type=\"column\">\n\t\t\t<div class=\"elementor-widget-wrap elementor-element-populated\">\n\t\t\t\t\t\t<section class=\"elementor-section elementor-inner-section elementor-element elementor-element-4ccd23eb elementor-section-boxed elementor-section-height-default elementor-section-height-default\" data-id=\"4ccd23eb\" data-element_type=\"section\" data-settings=\"{&quot;_ha_eqh_enable&quot;:false}\">\n\t\t\t\t\t\t<div class=\"elementor-container elementor-column-gap-no\">\n\t\t\t\t\t<div class=\"elementor-column elementor-col-100 elementor-inner-column elementor-element elementor-element-587baa55\" data-id=\"587baa55\" data-element_type=\"column\">\n\t\t\t<div class=\"elementor-widget-wrap elementor-element-populated\">\n\t\t\t\t\t\t<div class=\"elementor-element elementor-element-591bfc6 elementor-widget elementor-widget-ha-page-title happy-addon ha-page-title\" data-id=\"591bfc6\" data-element_type=\"widget\" data-widget_type=\"ha-page-title.default\">\n\t\t\t\t\t<h1 class=\"ha-page-title elementor-size-default\">C.2 &#8211; Termo de Confidencialidade e Privacidade<\/h1>\t\t\t\t<\/div>\n\t\t\t\t\t<\/div>\n\t\t<\/div>\n\t\t\t\t\t<\/div>\n\t\t<\/section>\n\t\t\t\t\t<\/div>\n\t\t<\/div>\n\t\t\t\t\t<\/div>\n\t\t<\/section>\n\t\t<div class=\"elementor-element elementor-element-8b1138a e-flex e-con-boxed e-con e-parent\" data-id=\"8b1138a\" data-element_type=\"container\" data-settings=\"{&quot;_ha_eqh_enable&quot;:false}\">\n\t\t\t\t\t<div class=\"e-con-inner\">\n\t\t<div class=\"elementor-element elementor-element-1e52337 e-con-full e-flex e-con e-child\" data-id=\"1e52337\" data-element_type=\"container\" data-settings=\"{&quot;_ha_eqh_enable&quot;:false}\">\n\t\t\t\t<div class=\"elementor-element elementor-element-46f49d2 elementor-widget elementor-widget-image\" data-id=\"46f49d2\" data-element_type=\"widget\" data-widget_type=\"image.default\">\n\t\t\t\t\t\t\t\t\t\t\t\t\t\t\t<img fetchpriority=\"high\" decoding=\"async\" width=\"612\" height=\"145\" src=\"https:\/\/faleseguro.com\/wp-content\/uploads\/2026\/04\/Captura-de-tela_6-4-2026_173852_.png\" class=\"attachment-large size-large wp-image-1263\" alt=\"\" srcset=\"https:\/\/faleseguro.com\/wp-content\/uploads\/2026\/04\/Captura-de-tela_6-4-2026_173852_.png 612w, https:\/\/faleseguro.com\/wp-content\/uploads\/2026\/04\/Captura-de-tela_6-4-2026_173852_-300x71.png 300w\" sizes=\"(max-width: 612px) 100vw, 612px\" \/>\t\t\t\t\t\t\t\t\t\t\t\t\t\t\t<\/div>\n\t\t\t\t<\/div>\n\t\t\t\t\t<\/div>\n\t\t\t\t<\/div>\n\t\t<div class=\"elementor-element elementor-element-a17c323 e-flex e-con-boxed e-con e-parent\" data-id=\"a17c323\" data-element_type=\"container\" data-settings=\"{&quot;_ha_eqh_enable&quot;:false}\">\n\t\t\t\t\t<div class=\"e-con-inner\">\n\t\t<div class=\"elementor-element elementor-element-4f63603 e-con-full e-flex e-con e-child\" data-id=\"4f63603\" data-element_type=\"container\" data-settings=\"{&quot;_ha_eqh_enable&quot;:false}\">\n\t\t\t\t<div class=\"elementor-element elementor-element-2b8fe47 elementor-invisible elementor-widget elementor-widget-heading\" data-id=\"2b8fe47\" data-element_type=\"widget\" data-settings=\"{&quot;_animation&quot;:&quot;fadeInUp&quot;,&quot;_animation_delay&quot;:200}\" data-widget_type=\"heading.default\">\n\t\t\t\t\t<h3 class=\"elementor-heading-title elementor-size-default\">TERMO DE CONFIDENCIALIDADE E PRIVACIDADE DO CANAL DE \u00c9TICA<\/h3>\t\t\t\t<\/div>\n\t\t\t\t<div class=\"elementor-element elementor-element-3cdcf74 elementor-widget elementor-widget-text-editor\" data-id=\"3cdcf74\" data-element_type=\"widget\" data-widget_type=\"text-editor.default\">\n\t\t\t\t\t\t\t\t\t<p>Este Termo de Confidencialidade e Privacidade (\u201cTermo\u201d) tem por finalidade informar, de forma clara e transparente, como s\u00e3o tratados os dados pessoais e as informa\u00e7\u00f5es fornecidas pelo Usu\u00e1rio ao utilizar o Canal de \u00c9tica da Fale Seguro, em conformidade com a legisla\u00e7\u00e3o aplic\u00e1vel, especialmente a Lei Geral de Prote\u00e7\u00e3o de Dados Pessoais \u2013 LGPD (Lei n\u00ba 13.709\/2018), e com as melhores pr\u00e1ticas nacionais e internacionais de integridade, \u00e9tica e compliance.<\/p>\t\t\t\t\t\t\t\t<\/div>\n\t\t<div class=\"elementor-element elementor-element-a998ecc e-con-full e-flex elementor-invisible e-con e-child\" data-id=\"a998ecc\" data-element_type=\"container\" data-settings=\"{&quot;background_background&quot;:&quot;classic&quot;,&quot;animation&quot;:&quot;fadeInUp&quot;,&quot;_ha_eqh_enable&quot;:false}\">\n\t\t\t\t<div class=\"elementor-element elementor-element-56b0c27 elementor-widget elementor-widget-icon-box\" data-id=\"56b0c27\" data-element_type=\"widget\" data-widget_type=\"icon-box.default\">\n\t\t\t\t\t\t\t<div class=\"elementor-icon-box-wrapper\">\n\n\t\t\t\n\t\t\t\t\t\t<div class=\"elementor-icon-box-content\">\n\n\t\t\t\t\t\t\t\t\t<h5 class=\"elementor-icon-box-title\">\n\t\t\t\t\t\t<span  >\n\t\t\t\t\t\t\t1. OBJETIVO DO CANAL DE \u00c9TICA\t\t\t\t\t\t<\/span>\n\t\t\t\t\t<\/h5>\n\t\t\t\t\n\t\t\t\t\n\t\t\t<\/div>\n\t\t\t\n\t\t<\/div>\n\t\t\t\t\t\t<\/div>\n\t\t\t\t<div class=\"elementor-element elementor-element-c20bea4 elementor-widget elementor-widget-text-editor\" data-id=\"c20bea4\" data-element_type=\"widget\" data-widget_type=\"text-editor.default\">\n\t\t\t\t\t\t\t\t\t<p><strong>1.1<\/strong> O Canal de \u00c9tica \u00e9 um meio seguro, independente e confidencial destinado ao recebimento de relatos realizados de boa-f\u00e9 sobre processos e condutas que possam caracterizar, no \u00e2mbito das atividades e rela\u00e7\u00f5es da empresa empregadora:<\/p><p>\u00a0<\/p><ul><li>Viola\u00e7\u00e3o de leis, regulamentos ou normas aplic\u00e1veis;<\/li><li>Descumprimento do C\u00f3digo de Conduta e de pol\u00edticas internas;<\/li><li>Fraudes, irregularidades, corrup\u00e7\u00e3o ou outros atos il\u00edcitos;<\/li><li>Ass\u00e9dio moral ou sexual;<\/li><li>Discrimina\u00e7\u00e3o;<\/li><li>Outras condutas incompat\u00edveis com os valores, princ\u00edpios \u00e9ticos e diretrizes da organiza\u00e7\u00e3o.<\/li><\/ul><p>\u00a0<\/p><p><strong>1.2<\/strong> Este Canal de \u00c9tica n\u00e3o se destina ao atendimento de situa\u00e7\u00f5es de emerg\u00eancia, nem substitui o acionamento de autoridades ou servi\u00e7os p\u00fablicos competentes, tais como pol\u00edcia, bombeiros, servi\u00e7os m\u00e9dicos de urg\u00eancia ou outros \u00f3rg\u00e3os p\u00fablicos. Em casos de risco imediato \u00e0 vida, \u00e0 integridade f\u00edsica, \u00e0 sa\u00fade ou ao patrim\u00f4nio, o Usu\u00e1rio deve procurar imediatamente os meios adequados e os agentes respons\u00e1veis.<\/p>\t\t\t\t\t\t\t\t<\/div>\n\t\t\t\t<\/div>\n\t\t<div class=\"elementor-element elementor-element-ea76570 e-con-full e-flex elementor-invisible e-con e-child\" data-id=\"ea76570\" data-element_type=\"container\" data-settings=\"{&quot;background_background&quot;:&quot;classic&quot;,&quot;animation&quot;:&quot;fadeInUp&quot;,&quot;_ha_eqh_enable&quot;:false}\">\n\t\t\t\t<div class=\"elementor-element elementor-element-9ffe489 elementor-widget elementor-widget-icon-box\" data-id=\"9ffe489\" data-element_type=\"widget\" data-widget_type=\"icon-box.default\">\n\t\t\t\t\t\t\t<div class=\"elementor-icon-box-wrapper\">\n\n\t\t\t\n\t\t\t\t\t\t<div class=\"elementor-icon-box-content\">\n\n\t\t\t\t\t\t\t\t\t<h5 class=\"elementor-icon-box-title\">\n\t\t\t\t\t\t<span  >\n\t\t\t\t\t\t\t2. CONFIDENCIALIDADE DAS INFORMA\u00c7\u00d5ES\t\t\t\t\t\t<\/span>\n\t\t\t\t\t<\/h5>\n\t\t\t\t\n\t\t\t\t\n\t\t\t<\/div>\n\t\t\t\n\t\t<\/div>\n\t\t\t\t\t\t<\/div>\n\t\t\t\t<div class=\"elementor-element elementor-element-9ee7582 elementor-widget elementor-widget-text-editor\" data-id=\"9ee7582\" data-element_type=\"widget\" data-widget_type=\"text-editor.default\">\n\t\t\t\t\t\t\t\t\t<p><strong>2.1.<\/strong> Todas as informa\u00e7\u00f5es fornecidas pelo Usu\u00e1rio ser\u00e3o tratadas com estrito sigilo e confidencialidade, sendo acess\u00edveis apenas a pessoas autorizadas e capacitadas para a apura\u00e7\u00e3o dos fatos relatados.<\/p><p><strong>2.2.<\/strong> A identidade do Usu\u00e1rio, quando informada, bem como quaisquer informa\u00e7\u00f5es que possam possibilitar sua identifica\u00e7\u00e3o, ser\u00e1 protegida e n\u00e3o ser\u00e1 divulgada sem seu consentimento, salvo quando houver obriga\u00e7\u00e3o legal, ordem judicial ou necessidade para o exerc\u00edcio regular de direitos em processo judicial, administrativo ou arbitral, nos termos da legisla\u00e7\u00e3o vigente.<\/p><p><strong>2.3.<\/strong> A Fale Seguro adota medidas t\u00e9cnicas e administrativas adequadas para proteger os dados pessoais contra acessos n\u00e3o autorizados, vazamentos, perda, altera\u00e7\u00e3o ou qualquer forma de tratamento inadequado ou il\u00edcito.<\/p>\t\t\t\t\t\t\t\t<\/div>\n\t\t\t\t<\/div>\n\t\t<div class=\"elementor-element elementor-element-b412294 e-con-full e-flex elementor-invisible e-con e-child\" data-id=\"b412294\" data-element_type=\"container\" data-settings=\"{&quot;background_background&quot;:&quot;classic&quot;,&quot;animation&quot;:&quot;fadeInUp&quot;,&quot;_ha_eqh_enable&quot;:false}\">\n\t\t\t\t<div class=\"elementor-element elementor-element-c51319d elementor-widget elementor-widget-icon-box\" data-id=\"c51319d\" data-element_type=\"widget\" data-widget_type=\"icon-box.default\">\n\t\t\t\t\t\t\t<div class=\"elementor-icon-box-wrapper\">\n\n\t\t\t\n\t\t\t\t\t\t<div class=\"elementor-icon-box-content\">\n\n\t\t\t\t\t\t\t\t\t<h5 class=\"elementor-icon-box-title\">\n\t\t\t\t\t\t<span  >\n\t\t\t\t\t\t\t3. RELATOS AN\u00d4NIMOS E IDENTIFICADAS\t\t\t\t\t\t<\/span>\n\t\t\t\t\t<\/h5>\n\t\t\t\t\n\t\t\t\t\n\t\t\t<\/div>\n\t\t\t\n\t\t<\/div>\n\t\t\t\t\t\t<\/div>\n\t\t\t\t<div class=\"elementor-element elementor-element-10145df elementor-widget elementor-widget-text-editor\" data-id=\"10145df\" data-element_type=\"widget\" data-widget_type=\"text-editor.default\">\n\t\t\t\t\t\t\t\t\t<p><strong>3.1.<\/strong> O Canal de \u00c9tica permite o registro de relatos de forma an\u00f4nima ou identificada, a crit\u00e9rio exclusivo do Usu\u00e1rio.<\/p><p><strong>3.2.<\/strong> Caso o Usu\u00e1rio opte por se identificar, seus dados pessoais ser\u00e3o tratados exclusivamente para as finalidades descritas neste Termo.<\/p><p><strong>3.3.<\/strong> A escolha pelo anonimato n\u00e3o compromete a an\u00e1lise e a apura\u00e7\u00e3o do relato, desde que as informa\u00e7\u00f5es fornecidas sejam suficientes e veross\u00edmeis.<\/p>\t\t\t\t\t\t\t\t<\/div>\n\t\t\t\t<\/div>\n\t\t<div class=\"elementor-element elementor-element-7b6e81b e-con-full e-flex elementor-invisible e-con e-child\" data-id=\"7b6e81b\" data-element_type=\"container\" data-settings=\"{&quot;background_background&quot;:&quot;classic&quot;,&quot;animation&quot;:&quot;fadeInUp&quot;,&quot;_ha_eqh_enable&quot;:false}\">\n\t\t\t\t<div class=\"elementor-element elementor-element-f0b98ff elementor-widget elementor-widget-icon-box\" data-id=\"f0b98ff\" data-element_type=\"widget\" data-widget_type=\"icon-box.default\">\n\t\t\t\t\t\t\t<div class=\"elementor-icon-box-wrapper\">\n\n\t\t\t\n\t\t\t\t\t\t<div class=\"elementor-icon-box-content\">\n\n\t\t\t\t\t\t\t\t\t<h5 class=\"elementor-icon-box-title\">\n\t\t\t\t\t\t<span  >\n\t\t\t\t\t\t\t4. DADOS PESSOAIS TRATADOS\t\t\t\t\t\t<\/span>\n\t\t\t\t\t<\/h5>\n\t\t\t\t\n\t\t\t\t\n\t\t\t<\/div>\n\t\t\t\n\t\t<\/div>\n\t\t\t\t\t\t<\/div>\n\t\t\t\t<div class=\"elementor-element elementor-element-e10fc56 elementor-widget elementor-widget-text-editor\" data-id=\"e10fc56\" data-element_type=\"widget\" data-widget_type=\"text-editor.default\">\n\t\t\t\t\t\t\t\t\t<p><strong>4.1.<\/strong> Poder\u00e3o ser tratados, conforme o caso:<\/p><ul><li>Dados de identifica\u00e7\u00e3o do Usu\u00e1rio (nome, e-mail, telefone), se fornecidos voluntariamente;<\/li><li>Informa\u00e7\u00f5es relacionadas ao conte\u00fado do relato;<\/li><li>Dados pessoais de terceiros mencionados no relato;<\/li><li>Registros t\u00e9cnicos, como data, hor\u00e1rio e protocolo do relato.<\/li><li>\u00a0<\/li><\/ul><p><strong>4.2<\/strong>. A organiza\u00e7\u00e3o n\u00e3o solicita dados excessivos ou desnecess\u00e1rios, em observ\u00e2ncia aos princ\u00edpios da finalidade, adequa\u00e7\u00e3o, necessidade e minimiza\u00e7\u00e3o de dados previstos na LGPD.<\/p>\t\t\t\t\t\t\t\t<\/div>\n\t\t\t\t<\/div>\n\t\t<div class=\"elementor-element elementor-element-90c04d7 e-con-full e-flex elementor-invisible e-con e-child\" data-id=\"90c04d7\" data-element_type=\"container\" data-settings=\"{&quot;background_background&quot;:&quot;classic&quot;,&quot;animation&quot;:&quot;fadeInUp&quot;,&quot;_ha_eqh_enable&quot;:false}\">\n\t\t\t\t<div class=\"elementor-element elementor-element-ca17486 elementor-widget elementor-widget-icon-box\" data-id=\"ca17486\" data-element_type=\"widget\" data-widget_type=\"icon-box.default\">\n\t\t\t\t\t\t\t<div class=\"elementor-icon-box-wrapper\">\n\n\t\t\t\n\t\t\t\t\t\t<div class=\"elementor-icon-box-content\">\n\n\t\t\t\t\t\t\t\t\t<h5 class=\"elementor-icon-box-title\">\n\t\t\t\t\t\t<span  >\n\t\t\t\t\t\t\t6. COMPARTILHAMENTO DE DADOS\t\t\t\t\t\t<\/span>\n\t\t\t\t\t<\/h5>\n\t\t\t\t\n\t\t\t\t\n\t\t\t<\/div>\n\t\t\t\n\t\t<\/div>\n\t\t\t\t\t\t<\/div>\n\t\t\t\t<div class=\"elementor-element elementor-element-11c27ba elementor-widget elementor-widget-text-editor\" data-id=\"11c27ba\" data-element_type=\"widget\" data-widget_type=\"text-editor.default\">\n\t\t\t\t\t\t\t\t\t<p><strong>6.1.<\/strong> N\u00e3o h\u00e1 comercializa\u00e7\u00e3o de dados pessoais coletados por meio do Canal de \u00c9tica.<\/p>\t\t\t\t\t\t\t\t<\/div>\n\t\t\t\t<\/div>\n\t\t<div class=\"elementor-element elementor-element-ef127ae e-con-full e-flex elementor-invisible e-con e-child\" data-id=\"ef127ae\" data-element_type=\"container\" data-settings=\"{&quot;background_background&quot;:&quot;classic&quot;,&quot;animation&quot;:&quot;fadeInUp&quot;,&quot;_ha_eqh_enable&quot;:false}\">\n\t\t\t\t<div class=\"elementor-element elementor-element-527ec26 elementor-widget elementor-widget-icon-box\" data-id=\"527ec26\" data-element_type=\"widget\" data-widget_type=\"icon-box.default\">\n\t\t\t\t\t\t\t<div class=\"elementor-icon-box-wrapper\">\n\n\t\t\t\n\t\t\t\t\t\t<div class=\"elementor-icon-box-content\">\n\n\t\t\t\t\t\t\t\t\t<h5 class=\"elementor-icon-box-title\">\n\t\t\t\t\t\t<span  >\n\t\t\t\t\t\t\t7. PRAZO DE RETEN\u00c7\u00c3O\t\t\t\t\t\t<\/span>\n\t\t\t\t\t<\/h5>\n\t\t\t\t\n\t\t\t\t\n\t\t\t<\/div>\n\t\t\t\n\t\t<\/div>\n\t\t\t\t\t\t<\/div>\n\t\t\t\t<div class=\"elementor-element elementor-element-d30fc55 elementor-widget elementor-widget-text-editor\" data-id=\"d30fc55\" data-element_type=\"widget\" data-widget_type=\"text-editor.default\">\n\t\t\t\t\t\t\t\t\t<p><strong>7.1<\/strong> Os dados pessoais e as informa\u00e7\u00f5es relacionadas aos relatos registrados por meio do Canal de \u00c9tica ser\u00e3o armazenados pela Fale Seguro pelo prazo padr\u00e3o de at\u00e9 5 (cinco) anos, contados a partir da data do registro do relato ou da \u00faltima intera\u00e7\u00e3o associada ao respectivo protocolo, conforme aplic\u00e1vel, exclusivamente para as finalidades descritas neste Termo e para atendimento \u00e0s disposi\u00e7\u00f5es da LGPD.<\/p><p><strong>7.2<\/strong> A reten\u00e7\u00e3o dos dados poder\u00e1 ser prorrogada mediante solicita\u00e7\u00e3o expressa da empresa contratante, na qualidade de controladora dos dados, sempre que necess\u00e1rio para:<\/p><ul><li>cumprimento de obriga\u00e7\u00e3o legal ou regulat\u00f3ria;<\/li><li>atendimento a ordem judicial ou requisi\u00e7\u00e3o de autoridade competente;<\/li><li>exerc\u00edcio regular de direitos em processos judiciais, administrativos ou arbitrais;<\/li><li>preserva\u00e7\u00e3o de provas relacionadas a fatos que, por sua natureza ou gravidade, estejam sujeitos a prazos prescricionais diferenciados ou \u00e0 imprescritibilidade, como nos casos de racismo, viol\u00eancia ou abuso sexual, ass\u00e9dio, discrimina\u00e7\u00e3o ou outros il\u00edcitos relevantes.<\/li><\/ul><p>\u00a0<\/p><p><strong>7.3<\/strong> Encerrado o prazo de reten\u00e7\u00e3o sob responsabilidade da Fale Seguro, os dados pessoais ser\u00e3o eliminados, anonimizados ou devolvidos \u00e0 empresa contratante, conforme aplic\u00e1vel, mediante instru\u00e7\u00e3o desta e nos limites permitidos pela legisla\u00e7\u00e3o vigente.<\/p>\t\t\t\t\t\t\t\t<\/div>\n\t\t\t\t<\/div>\n\t\t<div class=\"elementor-element elementor-element-cc32d87 e-con-full e-flex elementor-invisible e-con e-child\" data-id=\"cc32d87\" data-element_type=\"container\" data-settings=\"{&quot;background_background&quot;:&quot;classic&quot;,&quot;animation&quot;:&quot;fadeInUp&quot;,&quot;_ha_eqh_enable&quot;:false}\">\n\t\t\t\t<div class=\"elementor-element elementor-element-1290c1f elementor-widget elementor-widget-icon-box\" data-id=\"1290c1f\" data-element_type=\"widget\" data-widget_type=\"icon-box.default\">\n\t\t\t\t\t\t\t<div class=\"elementor-icon-box-wrapper\">\n\n\t\t\t\n\t\t\t\t\t\t<div class=\"elementor-icon-box-content\">\n\n\t\t\t\t\t\t\t\t\t<h5 class=\"elementor-icon-box-title\">\n\t\t\t\t\t\t<span  >\n\t\t\t\t\t\t\t8. CONTATO DO ENCARREGADO\t\t\t\t\t\t<\/span>\n\t\t\t\t\t<\/h5>\n\t\t\t\t\n\t\t\t\t\n\t\t\t<\/div>\n\t\t\t\n\t\t<\/div>\n\t\t\t\t\t\t<\/div>\n\t\t\t\t<div class=\"elementor-element elementor-element-63fbe9b elementor-widget elementor-widget-text-editor\" data-id=\"63fbe9b\" data-element_type=\"widget\" data-widget_type=\"text-editor.default\">\n\t\t\t\t\t\t\t\t\t<p><strong>8.1<\/strong> Para d\u00favidas, solicita\u00e7\u00f5es ou exerc\u00edcio de direitos relacionados \u00e0 prote\u00e7\u00e3o de dados pessoais, o Usu\u00e1rio poder\u00e1 entrar em contato com o Encarregado pelo Tratamento de Dados Pessoais da Fale Seguro atrav\u00e9s do e-mail lgpd@faleseguro.com.<\/p>\t\t\t\t\t\t\t\t<\/div>\n\t\t\t\t<\/div>\n\t\t<div class=\"elementor-element elementor-element-2edba85 e-con-full e-flex elementor-invisible e-con e-child\" data-id=\"2edba85\" data-element_type=\"container\" data-settings=\"{&quot;background_background&quot;:&quot;classic&quot;,&quot;animation&quot;:&quot;fadeInUp&quot;,&quot;_ha_eqh_enable&quot;:false}\">\n\t\t\t\t<div class=\"elementor-element elementor-element-75a7910 elementor-widget elementor-widget-icon-box\" data-id=\"75a7910\" data-element_type=\"widget\" data-widget_type=\"icon-box.default\">\n\t\t\t\t\t\t\t<div class=\"elementor-icon-box-wrapper\">\n\n\t\t\t\n\t\t\t\t\t\t<div class=\"elementor-icon-box-content\">\n\n\t\t\t\t\t\t\t\t\t<h5 class=\"elementor-icon-box-title\">\n\t\t\t\t\t\t<span  >\n\t\t\t\t\t\t\t9. DISPOSI\u00c7\u00d5ES FINAIS\t\t\t\t\t\t<\/span>\n\t\t\t\t\t<\/h5>\n\t\t\t\t\n\t\t\t\t\n\t\t\t<\/div>\n\t\t\t\n\t\t<\/div>\n\t\t\t\t\t\t<\/div>\n\t\t\t\t<div class=\"elementor-element elementor-element-4af70c0 elementor-widget elementor-widget-text-editor\" data-id=\"4af70c0\" data-element_type=\"widget\" data-widget_type=\"text-editor.default\">\n\t\t\t\t\t\t\t\t\t<p><strong>9.1.<\/strong> O uso do Canal de \u00c9tica implica ci\u00eancia e concord\u00e2ncia com os termos aqui descritos.<\/p><p><strong>9.2.<\/strong> Este Termo poder\u00e1 ser atualizado a qualquer tempo, visando refletir melhorias no processo, altera\u00e7\u00f5es legais ou evolu\u00e7\u00e3o das melhores pr\u00e1ticas de governan\u00e7a e compliance.<\/p>\t\t\t\t\t\t\t\t<\/div>\n\t\t\t\t<\/div>\n\t\t\t\t<\/div>\n\t\t\t\t\t<\/div>\n\t\t\t\t<\/div>\n\t\t\t\t<\/div>\n\t\t","protected":false},"excerpt":{"rendered":"<p>C.2 &#8211; Termo de Confidencialidade e Privacidade TERMO DE CONFIDENCIALIDADE E PRIVACIDADE DO CANAL DE \u00c9TICA Este Termo de Confidencialidade e Privacidade (\u201cTermo\u201d) tem por finalidade informar, de forma clara e transparente, como s\u00e3o tratados os dados pessoais e as informa\u00e7\u00f5es fornecidas pelo Usu\u00e1rio ao utilizar o Canal de \u00c9tica da Fale Seguro, em conformidade&#8230;<\/p>\n","protected":false},"author":1,"featured_media":0,"parent":0,"menu_order":0,"comment_status":"closed","ping_status":"closed","template":"elementor_header_footer","meta":{"footnotes":""},"class_list":["post-1259","page","type-page","status-publish","hentry"],"_links":{"self":[{"href":"https:\/\/faleseguro.com\/index.php\/wp-json\/wp\/v2\/pages\/1259","targetHints":{"allow":["GET"]}}],"collection":[{"href":"https:\/\/faleseguro.com\/index.php\/wp-json\/wp\/v2\/pages"}],"about":[{"href":"https:\/\/faleseguro.com\/index.php\/wp-json\/wp\/v2\/types\/page"}],"author":[{"embeddable":true,"href":"https:\/\/faleseguro.com\/index.php\/wp-json\/wp\/v2\/users\/1"}],"replies":[{"embeddable":true,"href":"https:\/\/faleseguro.com\/index.php\/wp-json\/wp\/v2\/comments?post=1259"}],"version-history":[{"count":11,"href":"https:\/\/faleseguro.com\/index.php\/wp-json\/wp\/v2\/pages\/1259\/revisions"}],"predecessor-version":[{"id":1275,"href":"https:\/\/faleseguro.com\/index.php\/wp-json\/wp\/v2\/pages\/1259\/revisions\/1275"}],"wp:attachment":[{"href":"https:\/\/faleseguro.com\/index.php\/wp-json\/wp\/v2\/media?parent=1259"}],"curies":[{"name":"wp","href":"https:\/\/api.w.org\/{rel}","templated":true}]}}